{"id":94,"date":"2021-02-16T15:53:08","date_gmt":"2021-02-16T15:53:08","guid":{"rendered":"https:\/\/jisdm2022.webs.upv.es\/?page_id=94"},"modified":"2022-06-05T14:22:50","modified_gmt":"2022-06-05T14:22:50","slug":"scientific-committee","status":"publish","type":"page","link":"https:\/\/jisdm2022.webs.upv.es\/index.php\/scientific-committee\/","title":{"rendered":"Committees"},"content":{"rendered":"\n<h2 class=\"has-text-align-center wp-block-heading\" id=\"scientific-committee\"><mark style=\"background-color:rgba(0, 0, 0, 0);color:#186282\" class=\"has-inline-color\">Scientific Committee<\/mark><\/h2>\n\n\n\n<hr class=\"wp-block-separator has-css-opacity is-style-wide\"\/>\n\n\n\n<div class=\"wp-block-columns is-layout-flex wp-container-core-columns-is-layout-9d6595d7 wp-block-columns-is-layout-flex\">\n<div class=\"wp-block-column is-layout-flow wp-block-column-is-layout-flow\">\n<p><strong>Arnoso Jos\u00e9<\/strong>, Spain<\/p>\n\n\n\n<p><strong>Baselga Sergio<\/strong>, Spain<\/p>\n\n\n\n<p><strong>Bastos Lu\u00edsa<\/strong>, Portugal<\/p>\n\n\n\n<p><strong>Bolkas Dimitrios<\/strong>, USA<\/p>\n\n\n\n<p><strong>Capra Alessandro<\/strong>, Italy<\/p>\n\n\n\n<p><strong>Catal\u00e3o Jo\u00e3o<\/strong>, Portugal<\/p>\n\n\n\n<p><strong>Crosetto Michele<\/strong>, Spain<\/p>\n\n\n\n<p><strong>Danezis Chris<\/strong>, Cyprus<\/p>\n\n\n\n<p><strong>Ding Xiaoli<\/strong>, China<\/p>\n\n\n\n<p><strong>Eschelbach Cornelia<\/strong>, Germany<\/p>\n\n\n\n<p><strong>Garc\u00eda-Asenjo Luis<\/strong>, Spain<\/p>\n\n\n\n<p><strong>Garc\u00eda-Ca\u00f1ada Laura<\/strong>, Spain<\/p>\n\n\n\n<p><strong>Georgopoulos Andreas<\/strong>, Greece<\/p>\n\n\n\n<p><strong>Gikas Vassilis<\/strong>, Greece<\/p>\n\n\n\n<p><strong>Gil-Cruz Antonio<\/strong>, Spain<\/p>\n\n\n\n<p><strong>Gon\u00e7alves Jos\u00e9<\/strong>, Portugal<\/p>\n<\/div>\n\n\n\n<div class=\"wp-block-column is-layout-flow wp-block-column-is-layout-flow\">\n<p><strong>Hancock Craig<\/strong>, UK<\/p>\n\n\n\n<p><strong>Henriques Maria<\/strong>, Portugal<\/p>\n\n\n\n<p><strong>Kuhlmann Heiner<\/strong>, Germany<\/p>\n\n\n\n<p><strong>Lerma Jos\u00e9 Luis<\/strong>, Spain<\/p>\n\n\n\n<p><strong>Lichti Derek<\/strong>, Canada<\/p>\n\n\n\n<p><strong>Lienhart Werner<\/strong>, Austria<\/p>\n\n\n\n<p><strong>Masiero Andrea<\/strong>, Italy<\/p>\n\n\n\n<p><strong>Meng Xiaolin<\/strong>, China<\/p>\n\n\n\n<p><strong>Neuner Hans<\/strong>, Austria<\/p>\n\n\n\n<p><strong>Niemeier Wolfgang<\/strong>, Germany<\/p>\n\n\n\n<p><strong>N\u00fa\u00f1ez-Andr\u00e9s Amparo<\/strong>, Spain<\/p>\n\n\n\n<p><strong>Paffenholz Jens-Andr\u00e9<\/strong>, Germany<\/p>\n\n\n\n<p><strong>Poutanen Markku<\/strong>, Finland<\/p>\n\n\n\n<p><strong>Prieto Juan F.<\/strong>, Spain<\/p>\n\n\n\n<p><strong>Pierdicca Roberto<\/strong>, Italy<\/p>\n\n\n\n<p><\/p>\n<\/div>\n\n\n\n<div class=\"wp-block-column is-layout-flow wp-block-column-is-layout-flow\">\n<p><strong>Psimoulis Panos<\/strong>, UK<\/p>\n\n\n\n<p><strong>Pytharouli Stella<\/strong>, UK<\/p>\n\n\n\n<p><strong>Rizos Chris<\/strong>, Australia<\/p>\n\n\n\n<p><strong>Roman Daniel R.<\/strong>, USA<\/p>\n\n\n\n<p><strong>Rinaudo Fulvio<\/strong>, Italy<\/p>\n\n\n\n<p><strong>Santos Marcelo<\/strong>, Canada<\/p>\n\n\n\n<p><strong>Scaioni Marco<\/strong>, Italy<\/p>\n\n\n\n<p><strong>Schwieger Volker<\/strong>, Germany<\/p>\n\n\n\n<p><strong>Sousa Joaquim J.<\/strong>, Portugal<\/p>\n\n\n\n<p><strong>Staller Alejandra<\/strong>, Spain<\/p>\n\n\n\n<p><strong>Tari Ergin<\/strong>, Turkey<\/p>\n\n\n\n<p><strong>Toth Charles<\/strong>, USA<\/p>\n\n\n\n<p><strong>Wieser Andreas<\/strong>, Switzerland<\/p>\n\n\n\n<p><strong>Yigit Cemal Ozer<\/strong>, Turkey<\/p>\n\n\n\n<p><strong>Zang Kefei<\/strong>, Australia<\/p>\n\n\n\n<p><strong>Zurutuza Joaqu\u00edn<\/strong>, Spain<\/p>\n<\/div>\n<\/div>\n\n\n\n<h2 class=\"has-text-align-center wp-block-heading\" id=\"local-organizing-committee\"><mark style=\"background-color:rgba(0, 0, 0, 0);color:#186282\" class=\"has-inline-color\">Local Organizing Committee<\/mark><\/h2>\n\n\n\n<hr class=\"wp-block-separator has-css-opacity is-style-wide\"\/>\n\n\n\n<div class=\"wp-block-columns is-layout-flex wp-container-core-columns-is-layout-9d6595d7 wp-block-columns-is-layout-flex\">\n<div class=\"wp-block-column is-layout-flow wp-block-column-is-layout-flow\">\n<p class=\"has-text-align-center\">Garc\u00eda-Asenjo Luis<\/p>\n\n\n\n<p class=\"has-text-align-center\">Lerma Jos\u00e9 Luis<\/p>\n\n\n\n<p class=\"has-text-align-center\">Anquela Ana Bel\u00e9n<\/p>\n\n\n\n<p class=\"has-text-align-center\">Pad\u00edn Jorge<\/p>\n\n\n\n<p class=\"has-text-align-center\">Marqu\u00e9s \u00c1ngel<\/p>\n<\/div>\n\n\n\n<div class=\"wp-block-column is-layout-flow wp-block-column-is-layout-flow\">\n<p class=\"has-text-align-center\">Garrido Natalia<\/p>\n\n\n\n<p class=\"has-text-align-center\">Cabrelles Miriam<\/p>\n\n\n\n<p class=\"has-text-align-center\">Luj\u00e1n Raquel<\/p>\n\n\n\n<p class=\"has-text-align-center\">Calder\u00f3n Pedro<\/p>\n\n\n\n<p class=\"has-text-align-center\">Mart\u00edn \u00c1ngel<\/p>\n<\/div>\n<\/div>\n\n\n\n<p><\/p>\n","protected":false},"excerpt":{"rendered":"<p>Scientific Committee Arnoso Jos\u00e9, Spain Baselga Sergio, Spain Bastos Lu\u00edsa, Portugal Bolkas Dimitrios, USA Capra Alessandro, Italy Catal\u00e3o Jo\u00e3o, Portugal Crosetto Michele, Spain Danezis Chris, Cyprus Ding Xiaoli, China Eschelbach Cornelia, Germany Garc\u00eda-Asenjo Luis, Spain Garc\u00eda-Ca\u00f1ada Laura, Spain Georgopoulos Andreas,&hellip; <\/p>\n","protected":false},"author":1,"featured_media":0,"parent":0,"menu_order":0,"comment_status":"closed","ping_status":"closed","template":"","meta":{"_eb_attr":"","footnotes":""},"class_list":["post-94","page","type-page","status-publish","hentry"],"yoast_head":"<!-- This site is optimized with the Yoast SEO plugin v27.5 - https:\/\/yoast.com\/product\/yoast-seo-wordpress\/ -->\n<title>Scientific Committee - 5th Joint International Symposium on Deformation Monitoring JISDM 2022<\/title>\n<meta name=\"description\" content=\"The scientific committee is composed by relevant investigators in deformation monitoring from all around the world.\" \/>\n<meta name=\"robots\" content=\"index, follow, max-snippet:-1, max-image-preview:large, max-video-preview:-1\" \/>\n<link rel=\"canonical\" href=\"https:\/\/jisdm2022.webs.upv.es\/index.php\/scientific-committee\/\" \/>\n<meta property=\"og:locale\" content=\"en_US\" \/>\n<meta property=\"og:type\" content=\"article\" \/>\n<meta property=\"og:title\" content=\"Scientific Committee - 5th Joint International Symposium on Deformation Monitoring JISDM 2022\" \/>\n<meta property=\"og:description\" content=\"The scientific committee is composed by relevant investigators in deformation monitoring from all around the world.\" \/>\n<meta property=\"og:url\" content=\"https:\/\/jisdm2022.webs.upv.es\/index.php\/scientific-committee\/\" \/>\n<meta property=\"og:site_name\" content=\"5th Joint International Symposium on Deformation Monitoring JISDM 2022\" \/>\n<meta property=\"article:modified_time\" content=\"2022-06-05T14:22:50+00:00\" \/>\n<meta name=\"twitter:card\" content=\"summary_large_image\" \/>\n<meta name=\"twitter:label1\" content=\"Est. reading time\" \/>\n\t<meta name=\"twitter:data1\" content=\"1 minute\" \/>\n<script type=\"application\/ld+json\" class=\"yoast-schema-graph\">{\"@context\":\"https:\\\/\\\/schema.org\",\"@graph\":[{\"@type\":\"WebPage\",\"@id\":\"https:\\\/\\\/jisdm2022.webs.upv.es\\\/index.php\\\/scientific-committee\\\/\",\"url\":\"https:\\\/\\\/jisdm2022.webs.upv.es\\\/index.php\\\/scientific-committee\\\/\",\"name\":\"Scientific Committee - 5th Joint International Symposium on Deformation Monitoring JISDM 2022\",\"isPartOf\":{\"@id\":\"https:\\\/\\\/jisdm2022.webs.upv.es\\\/#website\"},\"datePublished\":\"2021-02-16T15:53:08+00:00\",\"dateModified\":\"2022-06-05T14:22:50+00:00\",\"description\":\"The scientific committee is composed by relevant investigators in deformation monitoring from all around the world.\",\"breadcrumb\":{\"@id\":\"https:\\\/\\\/jisdm2022.webs.upv.es\\\/index.php\\\/scientific-committee\\\/#breadcrumb\"},\"inLanguage\":\"en-US\",\"potentialAction\":[{\"@type\":\"ReadAction\",\"target\":[\"https:\\\/\\\/jisdm2022.webs.upv.es\\\/index.php\\\/scientific-committee\\\/\"]}]},{\"@type\":\"BreadcrumbList\",\"@id\":\"https:\\\/\\\/jisdm2022.webs.upv.es\\\/index.php\\\/scientific-committee\\\/#breadcrumb\",\"itemListElement\":[{\"@type\":\"ListItem\",\"position\":1,\"name\":\"Home\",\"item\":\"https:\\\/\\\/jisdm2022.webs.upv.es\\\/\"},{\"@type\":\"ListItem\",\"position\":2,\"name\":\"Committees\"}]},{\"@type\":\"WebSite\",\"@id\":\"https:\\\/\\\/jisdm2022.webs.upv.es\\\/#website\",\"url\":\"https:\\\/\\\/jisdm2022.webs.upv.es\\\/\",\"name\":\"5th Joint International Symposium on Deformation Monitoring JISDM 2022\",\"description\":\"Polytechnic City of Innovation, Valencia, Spain, 20-22 June 2022\",\"potentialAction\":[{\"@type\":\"SearchAction\",\"target\":{\"@type\":\"EntryPoint\",\"urlTemplate\":\"https:\\\/\\\/jisdm2022.webs.upv.es\\\/?s={search_term_string}\"},\"query-input\":{\"@type\":\"PropertyValueSpecification\",\"valueRequired\":true,\"valueName\":\"search_term_string\"}}],\"inLanguage\":\"en-US\"}]}<\/script>\n<!-- \/ Yoast SEO plugin. -->","yoast_head_json":{"title":"Scientific Committee - 5th Joint International Symposium on Deformation Monitoring JISDM 2022","description":"The scientific committee is composed by relevant investigators in deformation monitoring from all around the world.","robots":{"index":"index","follow":"follow","max-snippet":"max-snippet:-1","max-image-preview":"max-image-preview:large","max-video-preview":"max-video-preview:-1"},"canonical":"https:\/\/jisdm2022.webs.upv.es\/index.php\/scientific-committee\/","og_locale":"en_US","og_type":"article","og_title":"Scientific Committee - 5th Joint International Symposium on Deformation Monitoring JISDM 2022","og_description":"The scientific committee is composed by relevant investigators in deformation monitoring from all around the world.","og_url":"https:\/\/jisdm2022.webs.upv.es\/index.php\/scientific-committee\/","og_site_name":"5th Joint International Symposium on Deformation Monitoring JISDM 2022","article_modified_time":"2022-06-05T14:22:50+00:00","twitter_card":"summary_large_image","twitter_misc":{"Est. reading time":"1 minute"},"schema":{"@context":"https:\/\/schema.org","@graph":[{"@type":"WebPage","@id":"https:\/\/jisdm2022.webs.upv.es\/index.php\/scientific-committee\/","url":"https:\/\/jisdm2022.webs.upv.es\/index.php\/scientific-committee\/","name":"Scientific Committee - 5th Joint International Symposium on Deformation Monitoring JISDM 2022","isPartOf":{"@id":"https:\/\/jisdm2022.webs.upv.es\/#website"},"datePublished":"2021-02-16T15:53:08+00:00","dateModified":"2022-06-05T14:22:50+00:00","description":"The scientific committee is composed by relevant investigators in deformation monitoring from all around the world.","breadcrumb":{"@id":"https:\/\/jisdm2022.webs.upv.es\/index.php\/scientific-committee\/#breadcrumb"},"inLanguage":"en-US","potentialAction":[{"@type":"ReadAction","target":["https:\/\/jisdm2022.webs.upv.es\/index.php\/scientific-committee\/"]}]},{"@type":"BreadcrumbList","@id":"https:\/\/jisdm2022.webs.upv.es\/index.php\/scientific-committee\/#breadcrumb","itemListElement":[{"@type":"ListItem","position":1,"name":"Home","item":"https:\/\/jisdm2022.webs.upv.es\/"},{"@type":"ListItem","position":2,"name":"Committees"}]},{"@type":"WebSite","@id":"https:\/\/jisdm2022.webs.upv.es\/#website","url":"https:\/\/jisdm2022.webs.upv.es\/","name":"5th Joint International Symposium on Deformation Monitoring JISDM 2022","description":"Polytechnic City of Innovation, Valencia, Spain, 20-22 June 2022","potentialAction":[{"@type":"SearchAction","target":{"@type":"EntryPoint","urlTemplate":"https:\/\/jisdm2022.webs.upv.es\/?s={search_term_string}"},"query-input":{"@type":"PropertyValueSpecification","valueRequired":true,"valueName":"search_term_string"}}],"inLanguage":"en-US"}]}},"_links":{"self":[{"href":"https:\/\/jisdm2022.webs.upv.es\/index.php\/wp-json\/wp\/v2\/pages\/94","targetHints":{"allow":["GET"]}}],"collection":[{"href":"https:\/\/jisdm2022.webs.upv.es\/index.php\/wp-json\/wp\/v2\/pages"}],"about":[{"href":"https:\/\/jisdm2022.webs.upv.es\/index.php\/wp-json\/wp\/v2\/types\/page"}],"author":[{"embeddable":true,"href":"https:\/\/jisdm2022.webs.upv.es\/index.php\/wp-json\/wp\/v2\/users\/1"}],"replies":[{"embeddable":true,"href":"https:\/\/jisdm2022.webs.upv.es\/index.php\/wp-json\/wp\/v2\/comments?post=94"}],"version-history":[{"count":36,"href":"https:\/\/jisdm2022.webs.upv.es\/index.php\/wp-json\/wp\/v2\/pages\/94\/revisions"}],"predecessor-version":[{"id":1035,"href":"https:\/\/jisdm2022.webs.upv.es\/index.php\/wp-json\/wp\/v2\/pages\/94\/revisions\/1035"}],"wp:attachment":[{"href":"https:\/\/jisdm2022.webs.upv.es\/index.php\/wp-json\/wp\/v2\/media?parent=94"}],"curies":[{"name":"wp","href":"https:\/\/api.w.org\/{rel}","templated":true}]}}