{"id":8,"date":"2021-01-05T09:22:24","date_gmt":"2021-01-05T09:22:24","guid":{"rendered":"https:\/\/jisdm2022.webs.upv.es\/?page_id=8"},"modified":"2021-03-30T18:54:37","modified_gmt":"2021-03-30T18:54:37","slug":"contact","status":"publish","type":"page","link":"https:\/\/jisdm2022.webs.upv.es\/index.php\/contact\/","title":{"rendered":"Contact"},"content":{"rendered":"\n<div class=\"wp-block-columns is-layout-flex wp-container-core-columns-is-layout-9d6595d7 wp-block-columns-is-layout-flex\">\n<div class=\"wp-block-column is-layout-flow wp-block-column-is-layout-flow\">\n<p><strong>Prof. Luis Garc\u00eda-Asenjo<\/strong><\/p>\n\n\n\n<p>jisdm2022@upv.es<\/p>\n<\/div>\n\n\n\n<div class=\"wp-block-column is-layout-flow wp-block-column-is-layout-flow\">\n<p><strong>Prof. Jos\u00e9 Luis Lerma<\/strong><\/p>\n\n\n\n<p>jisdm2022@upv.es<\/p>\n<\/div>\n<\/div>\n\n\n\n<p><strong>Universitat Polit\u00e8cnica de Val\u00e8ncia (UPV)<\/strong><\/p>\n\n\n\n<p><strong>Department of Cartographic Engineering, Geodesy and Photogrammetry (DICGF)<\/strong><\/p>\n\n\n\n<p>Camino de Vera s\/n, Building 7i, 46022 Valencia (Spain)<\/p>\n\n\n\n<p>Tel.: +34-963877007 \u00a0\u00a0\u00a0\u00a0\u00a0\u00a0 Fax: +34-963877559<\/p>\n","protected":false},"excerpt":{"rendered":"<p>Prof. Luis Garc\u00eda-Asenjo jisdm2022@upv.es Prof. Jos\u00e9 Luis Lerma jisdm2022@upv.es Universitat Polit\u00e8cnica de Val\u00e8ncia (UPV) Department of Cartographic Engineering, Geodesy and Photogrammetry (DICGF) Camino de Vera s\/n, Building 7i, 46022 Valencia (Spain) Tel.: +34-963877007 \u00a0\u00a0\u00a0\u00a0\u00a0\u00a0 Fax: +34-963877559<\/p>\n","protected":false},"author":1,"featured_media":0,"parent":0,"menu_order":0,"comment_status":"closed","ping_status":"closed","template":"","meta":{"_eb_attr":"","footnotes":""},"class_list":["post-8","page","type-page","status-publish","hentry"],"yoast_head":"<!-- This site is optimized with the Yoast SEO plugin v27.5 - https:\/\/yoast.com\/product\/yoast-seo-wordpress\/ -->\n<title>Contact - 5th Joint International Symposium on Deformation Monitoring JISDM 2022<\/title>\n<meta name=\"description\" content=\"To contac us, in case you need more information, you can send a message to the e-mail address below and we will help you.\" \/>\n<meta name=\"robots\" content=\"index, follow, max-snippet:-1, max-image-preview:large, max-video-preview:-1\" \/>\n<link rel=\"canonical\" href=\"https:\/\/jisdm2022.webs.upv.es\/index.php\/contact\/\" \/>\n<meta property=\"og:locale\" content=\"en_US\" \/>\n<meta property=\"og:type\" content=\"article\" \/>\n<meta property=\"og:title\" content=\"Contact - 5th Joint International Symposium on Deformation Monitoring JISDM 2022\" \/>\n<meta property=\"og:description\" content=\"To contac us, in case you need more information, you can send a message to the e-mail address below and we will help you.\" \/>\n<meta property=\"og:url\" content=\"https:\/\/jisdm2022.webs.upv.es\/index.php\/contact\/\" \/>\n<meta property=\"og:site_name\" content=\"5th Joint International Symposium on Deformation Monitoring JISDM 2022\" \/>\n<meta property=\"article:modified_time\" content=\"2021-03-30T18:54:37+00:00\" \/>\n<meta name=\"twitter:card\" content=\"summary_large_image\" \/>\n<meta name=\"twitter:label1\" content=\"Est. reading time\" \/>\n\t<meta name=\"twitter:data1\" content=\"1 minute\" \/>\n<script type=\"application\/ld+json\" class=\"yoast-schema-graph\">{\"@context\":\"https:\\\/\\\/schema.org\",\"@graph\":[{\"@type\":\"WebPage\",\"@id\":\"https:\\\/\\\/jisdm2022.webs.upv.es\\\/index.php\\\/contact\\\/\",\"url\":\"https:\\\/\\\/jisdm2022.webs.upv.es\\\/index.php\\\/contact\\\/\",\"name\":\"Contact - 5th Joint International Symposium on Deformation Monitoring JISDM 2022\",\"isPartOf\":{\"@id\":\"https:\\\/\\\/jisdm2022.webs.upv.es\\\/#website\"},\"datePublished\":\"2021-01-05T09:22:24+00:00\",\"dateModified\":\"2021-03-30T18:54:37+00:00\",\"description\":\"To contac us, in case you need more information, you can send a message to the e-mail address below and we will help you.\",\"breadcrumb\":{\"@id\":\"https:\\\/\\\/jisdm2022.webs.upv.es\\\/index.php\\\/contact\\\/#breadcrumb\"},\"inLanguage\":\"en-US\",\"potentialAction\":[{\"@type\":\"ReadAction\",\"target\":[\"https:\\\/\\\/jisdm2022.webs.upv.es\\\/index.php\\\/contact\\\/\"]}]},{\"@type\":\"BreadcrumbList\",\"@id\":\"https:\\\/\\\/jisdm2022.webs.upv.es\\\/index.php\\\/contact\\\/#breadcrumb\",\"itemListElement\":[{\"@type\":\"ListItem\",\"position\":1,\"name\":\"Home\",\"item\":\"https:\\\/\\\/jisdm2022.webs.upv.es\\\/\"},{\"@type\":\"ListItem\",\"position\":2,\"name\":\"Contact\"}]},{\"@type\":\"WebSite\",\"@id\":\"https:\\\/\\\/jisdm2022.webs.upv.es\\\/#website\",\"url\":\"https:\\\/\\\/jisdm2022.webs.upv.es\\\/\",\"name\":\"5th Joint International Symposium on Deformation Monitoring JISDM 2022\",\"description\":\"Polytechnic City of Innovation, Valencia, Spain, 20-22 June 2022\",\"potentialAction\":[{\"@type\":\"SearchAction\",\"target\":{\"@type\":\"EntryPoint\",\"urlTemplate\":\"https:\\\/\\\/jisdm2022.webs.upv.es\\\/?s={search_term_string}\"},\"query-input\":{\"@type\":\"PropertyValueSpecification\",\"valueRequired\":true,\"valueName\":\"search_term_string\"}}],\"inLanguage\":\"en-US\"}]}<\/script>\n<!-- \/ Yoast SEO plugin. -->","yoast_head_json":{"title":"Contact - 5th Joint International Symposium on Deformation Monitoring JISDM 2022","description":"To contac us, in case you need more information, you can send a message to the e-mail address below and we will help you.","robots":{"index":"index","follow":"follow","max-snippet":"max-snippet:-1","max-image-preview":"max-image-preview:large","max-video-preview":"max-video-preview:-1"},"canonical":"https:\/\/jisdm2022.webs.upv.es\/index.php\/contact\/","og_locale":"en_US","og_type":"article","og_title":"Contact - 5th Joint International Symposium on Deformation Monitoring JISDM 2022","og_description":"To contac us, in case you need more information, you can send a message to the e-mail address below and we will help you.","og_url":"https:\/\/jisdm2022.webs.upv.es\/index.php\/contact\/","og_site_name":"5th Joint International Symposium on Deformation Monitoring JISDM 2022","article_modified_time":"2021-03-30T18:54:37+00:00","twitter_card":"summary_large_image","twitter_misc":{"Est. reading time":"1 minute"},"schema":{"@context":"https:\/\/schema.org","@graph":[{"@type":"WebPage","@id":"https:\/\/jisdm2022.webs.upv.es\/index.php\/contact\/","url":"https:\/\/jisdm2022.webs.upv.es\/index.php\/contact\/","name":"Contact - 5th Joint International Symposium on Deformation Monitoring JISDM 2022","isPartOf":{"@id":"https:\/\/jisdm2022.webs.upv.es\/#website"},"datePublished":"2021-01-05T09:22:24+00:00","dateModified":"2021-03-30T18:54:37+00:00","description":"To contac us, in case you need more information, you can send a message to the e-mail address below and we will help you.","breadcrumb":{"@id":"https:\/\/jisdm2022.webs.upv.es\/index.php\/contact\/#breadcrumb"},"inLanguage":"en-US","potentialAction":[{"@type":"ReadAction","target":["https:\/\/jisdm2022.webs.upv.es\/index.php\/contact\/"]}]},{"@type":"BreadcrumbList","@id":"https:\/\/jisdm2022.webs.upv.es\/index.php\/contact\/#breadcrumb","itemListElement":[{"@type":"ListItem","position":1,"name":"Home","item":"https:\/\/jisdm2022.webs.upv.es\/"},{"@type":"ListItem","position":2,"name":"Contact"}]},{"@type":"WebSite","@id":"https:\/\/jisdm2022.webs.upv.es\/#website","url":"https:\/\/jisdm2022.webs.upv.es\/","name":"5th Joint International Symposium on Deformation Monitoring JISDM 2022","description":"Polytechnic City of Innovation, Valencia, Spain, 20-22 June 2022","potentialAction":[{"@type":"SearchAction","target":{"@type":"EntryPoint","urlTemplate":"https:\/\/jisdm2022.webs.upv.es\/?s={search_term_string}"},"query-input":{"@type":"PropertyValueSpecification","valueRequired":true,"valueName":"search_term_string"}}],"inLanguage":"en-US"}]}},"_links":{"self":[{"href":"https:\/\/jisdm2022.webs.upv.es\/index.php\/wp-json\/wp\/v2\/pages\/8","targetHints":{"allow":["GET"]}}],"collection":[{"href":"https:\/\/jisdm2022.webs.upv.es\/index.php\/wp-json\/wp\/v2\/pages"}],"about":[{"href":"https:\/\/jisdm2022.webs.upv.es\/index.php\/wp-json\/wp\/v2\/types\/page"}],"author":[{"embeddable":true,"href":"https:\/\/jisdm2022.webs.upv.es\/index.php\/wp-json\/wp\/v2\/users\/1"}],"replies":[{"embeddable":true,"href":"https:\/\/jisdm2022.webs.upv.es\/index.php\/wp-json\/wp\/v2\/comments?post=8"}],"version-history":[{"count":11,"href":"https:\/\/jisdm2022.webs.upv.es\/index.php\/wp-json\/wp\/v2\/pages\/8\/revisions"}],"predecessor-version":[{"id":672,"href":"https:\/\/jisdm2022.webs.upv.es\/index.php\/wp-json\/wp\/v2\/pages\/8\/revisions\/672"}],"wp:attachment":[{"href":"https:\/\/jisdm2022.webs.upv.es\/index.php\/wp-json\/wp\/v2\/media?parent=8"}],"curies":[{"name":"wp","href":"https:\/\/api.w.org\/{rel}","templated":true}]}}